{"id":1073,"date":"2022-12-13T19:54:19","date_gmt":"2022-12-13T19:54:19","guid":{"rendered":"https:\/\/wouteruijtenhoorn.nl\/web\/?page_id=1073"},"modified":"2026-03-10T17:18:55","modified_gmt":"2026-03-10T17:18:55","slug":"over-mij","status":"publish","type":"page","link":"https:\/\/wouteruijtenhoorn.nl\/web\/index.php\/over-mij\/","title":{"rendered":"Over mij"},"content":{"rendered":"\t\t<div data-elementor-type=\"wp-page\" data-elementor-id=\"1073\" class=\"elementor elementor-1073\" data-elementor-post-type=\"page\">\n\t\t\t\t\t\t<section class=\"elementor-section elementor-top-section elementor-element elementor-element-63655a8 elementor-section-boxed elementor-section-height-default elementor-section-height-default\" data-id=\"63655a8\" data-element_type=\"section\" data-e-type=\"section\">\n\t\t\t\t\t\t<div class=\"elementor-container elementor-column-gap-default\">\n\t\t\t\t\t<div class=\"elementor-column elementor-col-66 elementor-top-column elementor-element elementor-element-a0ffb45\" data-id=\"a0ffb45\" data-element_type=\"column\" data-e-type=\"column\">\n\t\t\t<div class=\"elementor-widget-wrap elementor-element-populated\">\n\t\t\t\t\t\t<div class=\"elementor-element elementor-element-6c58fa2 elementor-widget__width-initial elementor-widget elementor-widget-text-editor\" data-id=\"6c58fa2\" data-element_type=\"widget\" data-e-type=\"widget\" data-widget_type=\"text-editor.default\">\n\t\t\t\t<div class=\"elementor-widget-container\">\n\t\t\t\t\t\t\t\t\t<h2>Over mij<\/h2><p class=\"MsoNoSpacing\">In de ruim 25 jaar dat ik voor verschillende organisaties werkzaam ben geweest, heb ik veel uiteenlopende trainingen mogen volgen. Van vrijwel alle trainingen heb ik op zowel persoonlijk, als op zakelijk vlak, veel geleerd. Echter van al deze trainingen is er helaas niet \u00e9\u00e9n waarvan ik <b><u>\u00e8cht alles dagelijks toepas.\u00a0<\/u><\/b><\/p><p>Nieuwsgierig als ik ben, zoek ik continu naar manieren om mensen, teams en organisaties \u00a0blijvend te laten groeien. Communicatie is hierbij cruciaal, zo is mij door de jaren heen wel duidelijk geworden! Communicatie met anderen en zeker ook met jezelf. Immers de meeste tijd communiceer je met jezelf in je eigen gedachten.<\/p>\t\t\t\t\t\t\t\t<\/div>\n\t\t\t\t<\/div>\n\t\t\t\t\t<\/div>\n\t\t<\/div>\n\t\t\t\t<div class=\"elementor-column elementor-col-33 elementor-top-column elementor-element elementor-element-f7d247a\" data-id=\"f7d247a\" data-element_type=\"column\" data-e-type=\"column\">\n\t\t\t<div class=\"elementor-widget-wrap elementor-element-populated\">\n\t\t\t\t\t\t<div class=\"elementor-element elementor-element-7c53b8a elementor-widget__width-initial elementor-widget elementor-widget-image\" data-id=\"7c53b8a\" data-element_type=\"widget\" data-e-type=\"widget\" data-widget_type=\"image.default\">\n\t\t\t\t<div class=\"elementor-widget-container\">\n\t\t\t\t\t\t\t\t\t\t\t\t\t\t\t<img fetchpriority=\"high\" decoding=\"async\" width=\"1024\" height=\"1024\" src=\"https:\/\/wouteruijtenhoorn.nl\/web\/wp-content\/uploads\/2023\/01\/wouter-close-up2-1024x1024.jpg\" class=\"attachment-large size-large wp-image-1807\" alt=\"\" srcset=\"https:\/\/wouteruijtenhoorn.nl\/web\/wp-content\/uploads\/2023\/01\/wouter-close-up2.jpg 1024w, https:\/\/wouteruijtenhoorn.nl\/web\/wp-content\/uploads\/2023\/01\/wouter-close-up2-300x300.jpg 300w, https:\/\/wouteruijtenhoorn.nl\/web\/wp-content\/uploads\/2023\/01\/wouter-close-up2-150x150.jpg 150w, https:\/\/wouteruijtenhoorn.nl\/web\/wp-content\/uploads\/2023\/01\/wouter-close-up2-768x768.jpg 768w\" sizes=\"(max-width: 1024px) 100vw, 1024px\" \/>\t\t\t\t\t\t\t\t\t\t\t\t\t\t\t<\/div>\n\t\t\t\t<\/div>\n\t\t\t\t\t<\/div>\n\t\t<\/div>\n\t\t\t\t\t<\/div>\n\t\t<\/section>\n\t\t\t\t<section class=\"elementor-section elementor-top-section elementor-element elementor-element-6a1404e0 elementor-section-content-middle elementor-reverse-tablet elementor-reverse-mobile elementor-section-boxed elementor-section-height-default elementor-section-height-default\" data-id=\"6a1404e0\" data-element_type=\"section\" data-e-type=\"section\" data-settings=\"{&quot;background_background&quot;:&quot;classic&quot;}\">\n\t\t\t\t\t\t\t<div class=\"elementor-background-overlay\"><\/div>\n\t\t\t\t\t\t\t<div class=\"elementor-container elementor-column-gap-no\">\n\t\t\t\t\t<div class=\"elementor-column elementor-col-50 elementor-top-column elementor-element elementor-element-2b4ee8fb\" data-id=\"2b4ee8fb\" data-element_type=\"column\" data-e-type=\"column\">\n\t\t\t<div class=\"elementor-widget-wrap elementor-element-populated\">\n\t\t\t\t\t\t<div class=\"elementor-element elementor-element-2549c61f elementor-widget-divider--view-line elementor-widget elementor-widget-divider\" data-id=\"2549c61f\" data-element_type=\"widget\" data-e-type=\"widget\" data-widget_type=\"divider.default\">\n\t\t\t\t<div class=\"elementor-widget-container\">\n\t\t\t\t\t\t\t<div class=\"elementor-divider\">\n\t\t\t<span class=\"elementor-divider-separator\">\n\t\t\t\t\t\t<\/span>\n\t\t<\/div>\n\t\t\t\t\t\t<\/div>\n\t\t\t\t<\/div>\n\t\t\t\t<div class=\"elementor-element elementor-element-aa615e2 elementor-widget__width-initial elementor-widget elementor-widget-text-editor\" data-id=\"aa615e2\" data-element_type=\"widget\" data-e-type=\"widget\" data-widget_type=\"text-editor.default\">\n\t\t\t\t<div class=\"elementor-widget-container\">\n\t\t\t\t\t\t\t\t\t<ul><li><span style=\"color: #ffffff; font-style: inherit;\">Stel je eens voor dat je een training of workshop \u00a0volgt waarbij je jezelf nog beter leert kennen, je de ander direct in leert schatten, je je communicatie op hem\/haar aan leert passen en je dus vanaf de eerste seconde al bouwt aan een sterke relatie.<\/span><\/li><li><span style=\"color: #ffffff; font-style: inherit;\">Kortom, een investering in jezelf die niet alleen tijdens de training en kort daarna iets oplevert maar eentje die je een leven lang, elke dag weer doet beseffen:<\/span><\/li><\/ul>\t\t\t\t\t\t\t\t<\/div>\n\t\t\t\t<\/div>\n\t\t\t\t<div class=\"elementor-element elementor-element-10c26a3e elementor-widget-divider--view-line elementor-widget elementor-widget-divider\" data-id=\"10c26a3e\" data-element_type=\"widget\" data-e-type=\"widget\" data-widget_type=\"divider.default\">\n\t\t\t\t<div class=\"elementor-widget-container\">\n\t\t\t\t\t\t\t<div class=\"elementor-divider\">\n\t\t\t<span class=\"elementor-divider-separator\">\n\t\t\t\t\t\t<\/span>\n\t\t<\/div>\n\t\t\t\t\t\t<\/div>\n\t\t\t\t<\/div>\n\t\t\t\t\t<\/div>\n\t\t<\/div>\n\t\t\t\t<div class=\"elementor-column elementor-col-50 elementor-top-column elementor-element elementor-element-38de469e\" data-id=\"38de469e\" data-element_type=\"column\" data-e-type=\"column\">\n\t\t\t<div class=\"elementor-widget-wrap elementor-element-populated\">\n\t\t\t\t\t\t<div class=\"elementor-element elementor-element-ba4866e elementor-widget elementor-widget-text-editor\" data-id=\"ba4866e\" data-element_type=\"widget\" data-e-type=\"widget\" data-widget_type=\"text-editor.default\">\n\t\t\t\t<div class=\"elementor-widget-container\">\n\t\t\t\t\t\t\t\t\t<p style=\"text-align: center;\">\u201cWat is dit waardevol!\u201d<\/p><p style=\"text-align: center;\">\u201cWat is dit ontzettend goed toepasbaar!\u201d<\/p><p style=\"text-align: center;\">\u201cWat ben ik blij dat ik deze training gevolgd heb!\u201d<\/p><p style=\"text-align: center;\">\u201cHier wil ik nog meer van weten\u2026.\u201d<\/p>\t\t\t\t\t\t\t\t<\/div>\n\t\t\t\t<\/div>\n\t\t\t\t\t<\/div>\n\t\t<\/div>\n\t\t\t\t\t<\/div>\n\t\t<\/section>\n\t\t\t\t<section class=\"elementor-section elementor-top-section elementor-element elementor-element-3df1719 elementor-section-boxed elementor-section-height-default elementor-section-height-default\" data-id=\"3df1719\" data-element_type=\"section\" data-e-type=\"section\">\n\t\t\t\t\t\t<div class=\"elementor-container elementor-column-gap-default\">\n\t\t\t\t\t<div class=\"elementor-column elementor-col-50 elementor-top-column elementor-element elementor-element-7a8194a\" data-id=\"7a8194a\" data-element_type=\"column\" data-e-type=\"column\">\n\t\t\t<div class=\"elementor-widget-wrap elementor-element-populated\">\n\t\t\t\t\t\t<div class=\"elementor-element elementor-element-2305986 elementor-widget elementor-widget-image\" data-id=\"2305986\" data-element_type=\"widget\" data-e-type=\"widget\" data-widget_type=\"image.default\">\n\t\t\t\t<div class=\"elementor-widget-container\">\n\t\t\t\t\t\t\t\t\t\t\t\t\t\t\t<img decoding=\"async\" width=\"1024\" height=\"1024\" src=\"https:\/\/wouteruijtenhoorn.nl\/web\/wp-content\/uploads\/2023\/01\/wouter-staand-strand-1024x1024.jpg\" class=\"attachment-large size-large wp-image-1808\" alt=\"\" srcset=\"https:\/\/wouteruijtenhoorn.nl\/web\/wp-content\/uploads\/2023\/01\/wouter-staand-strand.jpg 1024w, https:\/\/wouteruijtenhoorn.nl\/web\/wp-content\/uploads\/2023\/01\/wouter-staand-strand-300x300.jpg 300w, https:\/\/wouteruijtenhoorn.nl\/web\/wp-content\/uploads\/2023\/01\/wouter-staand-strand-150x150.jpg 150w, https:\/\/wouteruijtenhoorn.nl\/web\/wp-content\/uploads\/2023\/01\/wouter-staand-strand-768x768.jpg 768w\" sizes=\"(max-width: 1024px) 100vw, 1024px\" \/>\t\t\t\t\t\t\t\t\t\t\t\t\t\t\t<\/div>\n\t\t\t\t<\/div>\n\t\t\t\t\t<\/div>\n\t\t<\/div>\n\t\t\t\t<div class=\"elementor-column elementor-col-50 elementor-top-column elementor-element elementor-element-38c7d5b\" data-id=\"38c7d5b\" data-element_type=\"column\" data-e-type=\"column\">\n\t\t\t<div class=\"elementor-widget-wrap elementor-element-populated\">\n\t\t\t\t\t\t<div class=\"elementor-element elementor-element-90ea4af elementor-widget elementor-widget-text-editor\" data-id=\"90ea4af\" data-element_type=\"widget\" data-e-type=\"widget\" data-widget_type=\"text-editor.default\">\n\t\t\t\t<div class=\"elementor-widget-container\">\n\t\t\t\t\t\t\t\t\t<p>Ik vind het belangrijk dat je na het volgen van mijn workshops en trainingen \u00a0net zo enthousiast kan zijn als veel van je voorgangers die op bovenstaande wijze hun feedback gaven.\u00a0<\/p><p>Mijn workshops, trainingen en coaching kenmerken zich onder meer door:<\/p><ul><li>een goede balans tussen theorie, achtergrond en oefeningen\u00a0<\/li><li>\u00a0veel (eigen) praktijkvoorbeelden\u00a0<\/li><li>het gebruik van een gezonde dosis humor\u00a0<\/li><li>het samen met de groep cre\u00ebren van een veilige leeromgeving<\/li><li>een locatie op een fantastische plek met aandacht voor de inwendige mens\u00a0<\/li><\/ul>\t\t\t\t\t\t\t\t<\/div>\n\t\t\t\t<\/div>\n\t\t\t\t\t<\/div>\n\t\t<\/div>\n\t\t\t\t\t<\/div>\n\t\t<\/section>\n\t\t\t\t<section class=\"elementor-section elementor-top-section elementor-element elementor-element-cd7b394 elementor-section-boxed elementor-section-height-default elementor-section-height-default\" data-id=\"cd7b394\" data-element_type=\"section\" data-e-type=\"section\">\n\t\t\t\t\t\t<div class=\"elementor-container elementor-column-gap-default\">\n\t\t\t\t\t<div class=\"elementor-column elementor-col-50 elementor-top-column elementor-element elementor-element-357ccd5\" data-id=\"357ccd5\" data-element_type=\"column\" data-e-type=\"column\">\n\t\t\t<div class=\"elementor-widget-wrap elementor-element-populated\">\n\t\t\t\t\t\t<div class=\"elementor-element elementor-element-d1230ad elementor-widget__width-initial elementor-widget elementor-widget-text-editor\" data-id=\"d1230ad\" data-element_type=\"widget\" data-e-type=\"widget\" data-widget_type=\"text-editor.default\">\n\t\t\t\t<div class=\"elementor-widget-container\">\n\t\t\t\t\t\t\t\t\t<p style=\"text-align: left;\">In veel van mijn trainingen werk ik met het <a href=\"https:\/\/wouteruijtenhoorn.nl\/web\/index.php\/elementor-1191\/\">Process Communication Model\u00ae (PCM)<\/a>.<\/p><p style=\"text-align: left;\">Ik ben erkend PCM Trainer en daarnaast heb ik een post hbo-opleiding tot individueel coach gevolgd . De drie belangrijkste redenen voor mij om met PCM te werken zijn:<\/p><ul><li><strong>Leiderschap (inclusief persoonlijk leiderschap)\u00a0<br \/><\/strong>Als je weet wat je zelf en elk teamlid nodig heeft, weet je hoe je voor iedereen een uniek verschil kunt maken.<\/li><li><strong>Minder stress, meer energie <br \/><\/strong>Buig potentieel negatieve gesprekken, situaties of acties om in effectief contact.<\/li><li><strong>Meer resultaat <br \/><\/strong>Minder miscommunicatie en minder frustratie leiden tot efficie\u0308ntere teams en meer actie.<\/li><\/ul>\t\t\t\t\t\t\t\t<\/div>\n\t\t\t\t<\/div>\n\t\t\t\t\t<\/div>\n\t\t<\/div>\n\t\t\t\t<div class=\"elementor-column elementor-col-50 elementor-top-column elementor-element elementor-element-ca72b5b\" data-id=\"ca72b5b\" data-element_type=\"column\" data-e-type=\"column\">\n\t\t\t<div class=\"elementor-widget-wrap elementor-element-populated\">\n\t\t\t\t\t\t<div class=\"elementor-element elementor-element-92b1813 elementor-widget elementor-widget-image\" data-id=\"92b1813\" data-element_type=\"widget\" data-e-type=\"widget\" data-widget_type=\"image.default\">\n\t\t\t\t<div class=\"elementor-widget-container\">\n\t\t\t\t\t\t\t\t\t\t\t\t\t\t\t<img decoding=\"async\" width=\"1024\" height=\"1024\" src=\"https:\/\/wouteruijtenhoorn.nl\/web\/wp-content\/uploads\/2023\/01\/PCM_Badges_Certified_Trainer-1024x1024.png\" class=\"attachment-large size-large wp-image-1850\" alt=\"\" srcset=\"https:\/\/wouteruijtenhoorn.nl\/web\/wp-content\/uploads\/2023\/01\/PCM_Badges_Certified_Trainer-1024x1024.png 1024w, https:\/\/wouteruijtenhoorn.nl\/web\/wp-content\/uploads\/2023\/01\/PCM_Badges_Certified_Trainer-300x300.png 300w, https:\/\/wouteruijtenhoorn.nl\/web\/wp-content\/uploads\/2023\/01\/PCM_Badges_Certified_Trainer-150x150.png 150w, https:\/\/wouteruijtenhoorn.nl\/web\/wp-content\/uploads\/2023\/01\/PCM_Badges_Certified_Trainer-768x768.png 768w, https:\/\/wouteruijtenhoorn.nl\/web\/wp-content\/uploads\/2023\/01\/PCM_Badges_Certified_Trainer.png 1026w\" sizes=\"(max-width: 1024px) 100vw, 1024px\" \/>\t\t\t\t\t\t\t\t\t\t\t\t\t\t\t<\/div>\n\t\t\t\t<\/div>\n\t\t\t\t\t<\/div>\n\t\t<\/div>\n\t\t\t\t\t<\/div>\n\t\t<\/section>\n\t\t\t\t<section class=\"elementor-section elementor-top-section elementor-element elementor-element-22a2276 elementor-section-boxed elementor-section-height-default elementor-section-height-default\" data-id=\"22a2276\" data-element_type=\"section\" data-e-type=\"section\">\n\t\t\t\t\t\t<div class=\"elementor-container elementor-column-gap-default\">\n\t\t\t\t\t<div class=\"elementor-column elementor-col-100 elementor-top-column elementor-element elementor-element-a38d5af\" data-id=\"a38d5af\" data-element_type=\"column\" data-e-type=\"column\">\n\t\t\t<div class=\"elementor-widget-wrap elementor-element-populated\">\n\t\t\t\t\t\t<div class=\"elementor-element elementor-element-525199a elementor-widget elementor-widget-text-editor\" data-id=\"525199a\" data-element_type=\"widget\" data-e-type=\"widget\" data-widget_type=\"text-editor.default\">\n\t\t\t\t<div class=\"elementor-widget-container\">\n\t\t\t\t\t\t\t\t\t<p class=\"MsoNoSpacing\">Ik ben een van de gecertificeerd Process Communicatie trainers in Nederland en aangesloten bij<span class=\"apple-converted-space\"><span style=\"font-size: 13.5pt; mso-ascii-font-family: Calibri; mso-ascii-theme-font: minor-latin; mso-fareast-font-family: 'Apple SD Gothic Neo'; mso-hansi-font-family: Calibri; mso-hansi-theme-font: minor-latin; mso-bidi-font-family: Calibri; mso-bidi-theme-font: minor-latin; color: #6c7e92;\">\u00a0<\/span><\/span><a href=\"http:\/\/www.processcommunication.nl\/\" target=\"_blank\" rel=\"noopener\"><span style=\"font-size: 13.5pt; mso-ascii-font-family: Calibri; mso-ascii-theme-font: minor-latin; mso-fareast-font-family: 'Apple SD Gothic Neo'; mso-hansi-font-family: Calibri; mso-hansi-theme-font: minor-latin; mso-bidi-font-family: Calibri; mso-bidi-theme-font: minor-latin; color: #0c302c;\">PCN<\/span><\/a><span class=\"apple-converted-space\"><span style=\"font-size: 13.5pt; mso-ascii-font-family: Calibri; mso-ascii-theme-font: minor-latin; mso-fareast-font-family: 'Apple SD Gothic Neo'; mso-hansi-font-family: Calibri; mso-hansi-theme-font: minor-latin; mso-bidi-font-family: Calibri; mso-bidi-theme-font: minor-latin; color: #6c7e92;\">\u00a0<\/span><\/span>en<span class=\"apple-converted-space\"><span style=\"font-size: 13.5pt; mso-ascii-font-family: Calibri; mso-ascii-theme-font: minor-latin; mso-fareast-font-family: 'Apple SD Gothic Neo'; mso-hansi-font-family: Calibri; mso-hansi-theme-font: minor-latin; mso-bidi-font-family: Calibri; mso-bidi-theme-font: minor-latin; color: #6c7e92;\">\u00a0<\/span><\/span><a href=\"http:\/\/www.processcommunication.eu\/\" target=\"_blank\" rel=\"noopener\"><span style=\"font-size: 13.5pt; mso-ascii-font-family: Calibri; mso-ascii-theme-font: minor-latin; mso-fareast-font-family: 'Apple SD Gothic Neo'; mso-hansi-font-family: Calibri; mso-hansi-theme-font: minor-latin; mso-bidi-font-family: Calibri; mso-bidi-theme-font: minor-latin; color: #0c302c;\">KCE<\/span><\/a><span class=\"apple-converted-space\"><span style=\"font-size: 13.5pt; mso-ascii-font-family: Calibri; mso-ascii-theme-font: minor-latin; mso-fareast-font-family: 'Apple SD Gothic Neo'; mso-hansi-font-family: Calibri; mso-hansi-theme-font: minor-latin; mso-bidi-font-family: Calibri; mso-bidi-theme-font: minor-latin; color: #6c7e92;\">\u00a0<\/span><\/span>als Europees gecertificeerd Trainer in het Process Communication Model\u00ae en lid van de wereldwijde community van collega-PCM-trainers en -coaches.\u00a0<\/p><p class=\"MsoNoSpacing\">Daarnaast ben ik als gediplomeerd coach aangesloten bij <strong>NOBCO (de Nederlandse Orde van Beroep Coaches).<\/strong><\/p><p>Voor meer informatie over mijn opleidingen en\u00a0werkervaring nodig ik je graag uit om een kijkje te nemen op mijn LinkedIn pagina die je\u00a0<a href=\"https:\/\/nl.linkedin.com\/in\/wouter-uijtenhoorn-29399b1b\" target=\"_blank\" rel=\"noopener\">hier\u00a0<\/a>kunt vinden.<\/p>\t\t\t\t\t\t\t\t<\/div>\n\t\t\t\t<\/div>\n\t\t\t\t\t<\/div>\n\t\t<\/div>\n\t\t\t\t\t<\/div>\n\t\t<\/section>\n\t\t\t\t<\/div>\n\t\t","protected":false},"excerpt":{"rendered":"<p>Over mij In de ruim 25 jaar dat ik voor verschillende organisaties werkzaam ben geweest, heb ik veel uiteenlopende trainingen mogen volgen. Van vrijwel alle trainingen heb ik op zowel persoonlijk, als op zakelijk vlak, veel geleerd. Echter van al deze trainingen is er helaas niet \u00e9\u00e9n waarvan ik \u00e8cht alles dagelijks toepas.\u00a0 Nieuwsgierig als [&hellip;]<\/p>\n","protected":false},"author":2,"featured_media":0,"parent":0,"menu_order":0,"comment_status":"closed","ping_status":"closed","template":"","meta":{"site-sidebar-layout":"no-sidebar","site-content-layout":"page-builder","ast-site-content-layout":"default","site-content-style":"default","site-sidebar-style":"default","ast-global-header-display":"","ast-banner-title-visibility":"","ast-main-header-display":"","ast-hfb-above-header-display":"","ast-hfb-below-header-display":"","ast-hfb-mobile-header-display":"","site-post-title":"disabled","ast-breadcrumbs-content":"","ast-featured-img":"disabled","footer-sml-layout":"","ast-disable-related-posts":"","theme-transparent-header-meta":"","adv-header-id-meta":"","stick-header-meta":"","header-above-stick-meta":"","header-main-stick-meta":"","header-below-stick-meta":"","astra-migrate-meta-layouts":"default","ast-page-background-enabled":"default","ast-page-background-meta":{"desktop":{"background-color":"","background-image":"","background-repeat":"repeat","background-position":"center center","background-size":"auto","background-attachment":"scroll","background-type":"","background-media":"","overlay-type":"","overlay-color":"","overlay-opacity":"","overlay-gradient":""},"tablet":{"background-color":"","background-image":"","background-repeat":"repeat","background-position":"center center","background-size":"auto","background-attachment":"scroll","background-type":"","background-media":"","overlay-type":"","overlay-color":"","overlay-opacity":"","overlay-gradient":""},"mobile":{"background-color":"","background-image":"","background-repeat":"repeat","background-position":"center center","background-size":"auto","background-attachment":"scroll","background-type":"","background-media":"","overlay-type":"","overlay-color":"","overlay-opacity":"","overlay-gradient":""}},"ast-content-background-meta":{"desktop":{"background-color":"var(--ast-global-color-5)","background-image":"","background-repeat":"repeat","background-position":"center center","background-size":"auto","background-attachment":"scroll","background-type":"","background-media":"","overlay-type":"","overlay-color":"","overlay-opacity":"","overlay-gradient":""},"tablet":{"background-color":"var(--ast-global-color-5)","background-image":"","background-repeat":"repeat","background-position":"center center","background-size":"auto","background-attachment":"scroll","background-type":"","background-media":"","overlay-type":"","overlay-color":"","overlay-opacity":"","overlay-gradient":""},"mobile":{"background-color":"var(--ast-global-color-5)","background-image":"","background-repeat":"repeat","background-position":"center center","background-size":"auto","background-attachment":"scroll","background-type":"","background-media":"","overlay-type":"","overlay-color":"","overlay-opacity":"","overlay-gradient":""}},"footnotes":""},"class_list":["post-1073","page","type-page","status-publish","hentry"],"_links":{"self":[{"href":"https:\/\/wouteruijtenhoorn.nl\/web\/index.php\/wp-json\/wp\/v2\/pages\/1073","targetHints":{"allow":["GET"]}}],"collection":[{"href":"https:\/\/wouteruijtenhoorn.nl\/web\/index.php\/wp-json\/wp\/v2\/pages"}],"about":[{"href":"https:\/\/wouteruijtenhoorn.nl\/web\/index.php\/wp-json\/wp\/v2\/types\/page"}],"author":[{"embeddable":true,"href":"https:\/\/wouteruijtenhoorn.nl\/web\/index.php\/wp-json\/wp\/v2\/users\/2"}],"replies":[{"embeddable":true,"href":"https:\/\/wouteruijtenhoorn.nl\/web\/index.php\/wp-json\/wp\/v2\/comments?post=1073"}],"version-history":[{"count":170,"href":"https:\/\/wouteruijtenhoorn.nl\/web\/index.php\/wp-json\/wp\/v2\/pages\/1073\/revisions"}],"predecessor-version":[{"id":2175,"href":"https:\/\/wouteruijtenhoorn.nl\/web\/index.php\/wp-json\/wp\/v2\/pages\/1073\/revisions\/2175"}],"wp:attachment":[{"href":"https:\/\/wouteruijtenhoorn.nl\/web\/index.php\/wp-json\/wp\/v2\/media?parent=1073"}],"curies":[{"name":"wp","href":"https:\/\/api.w.org\/{rel}","templated":true}]}}